{"id":591,"date":"2022-02-03T09:26:15","date_gmt":"2022-02-03T09:26:15","guid":{"rendered":"https:\/\/www.dematices.com\/?page_id=591"},"modified":"2023-03-06T23:05:17","modified_gmt":"2023-03-06T23:05:17","slug":"bio","status":"publish","type":"page","link":"https:\/\/www.dematices.com\/?page_id=591","title":{"rendered":"Productos"},"content":{"rendered":"\t\t<div data-elementor-type=\"wp-page\" data-elementor-id=\"591\" class=\"elementor elementor-591\">\n\t\t\t\t\t\t\t\t\t<section class=\"elementor-section elementor-top-section elementor-element elementor-element-9def314 elementor-section-height-min-height elementor-section-full_width elementor-section-height-default elementor-section-items-middle\" data-id=\"9def314\" data-element_type=\"section\" data-settings=\"{&quot;background_background&quot;:&quot;classic&quot;}\">\n\t\t\t\t\t\t\t<div class=\"elementor-background-overlay\"><\/div>\n\t\t\t\t\t\t\t<div class=\"elementor-container elementor-column-gap-no\">\n\t\t\t\t\t<div class=\"elementor-column elementor-col-100 elementor-top-column elementor-element elementor-element-5c8d671\" data-id=\"5c8d671\" data-element_type=\"column\">\n\t\t\t<div class=\"elementor-widget-wrap elementor-element-populated\">\n\t\t\t\t\t\t\t\t<div class=\"elementor-element elementor-element-1c8ae37 elementor-widget elementor-widget-heading\" data-id=\"1c8ae37\" data-element_type=\"widget\" data-widget_type=\"heading.default\">\n\t\t\t\t<div class=\"elementor-widget-container\">\n\t\t\t<style>\/*! elementor - v3.11.0 - 13-02-2023 *\/\n.elementor-heading-title{padding:0;margin:0;line-height:1}.elementor-widget-heading .elementor-heading-title[class*=elementor-size-]>a{color:inherit;font-size:inherit;line-height:inherit}.elementor-widget-heading .elementor-heading-title.elementor-size-small{font-size:15px}.elementor-widget-heading .elementor-heading-title.elementor-size-medium{font-size:19px}.elementor-widget-heading .elementor-heading-title.elementor-size-large{font-size:29px}.elementor-widget-heading .elementor-heading-title.elementor-size-xl{font-size:39px}.elementor-widget-heading .elementor-heading-title.elementor-size-xxl{font-size:59px}<\/style><h1 class=\"elementor-heading-title elementor-size-default\">Productos<\/h1>\t\t<\/div>\n\t\t\t\t<\/div>\n\t\t\t\t<div class=\"elementor-element elementor-element-915038d elementor-widget elementor-widget-heading\" data-id=\"915038d\" data-element_type=\"widget\" data-widget_type=\"heading.default\">\n\t\t\t\t<div class=\"elementor-widget-container\">\n\t\t\t<span class=\"elementor-heading-title elementor-size-default\">Encuentra a detalle cada uno de los art\u00edculos que ofrecemos<\/span>\t\t<\/div>\n\t\t\t\t<\/div>\n\t\t\t\t\t<\/div>\n\t\t<\/div>\n\t\t\t\t\t\t\t<\/div>\n\t\t<\/section>\n\t\t\t\t<section class=\"elementor-section elementor-top-section elementor-element elementor-element-07fb2a9 elementor-section-boxed elementor-section-height-default elementor-section-height-default\" data-id=\"07fb2a9\" data-element_type=\"section\">\n\t\t\t\t\t\t<div class=\"elementor-container elementor-column-gap-default\">\n\t\t\t\t\t<div class=\"elementor-column elementor-col-100 elementor-top-column elementor-element elementor-element-7fc47a7\" data-id=\"7fc47a7\" data-element_type=\"column\">\n\t\t\t<div class=\"elementor-widget-wrap elementor-element-populated\">\n\t\t\t\t\t\t\t\t<div class=\"elementor-element elementor-element-f8fc870 elementor-grid-3 elementor-grid-tablet-2 elementor-grid-mobile-1 elementor-invisible elementor-widget elementor-widget-portfolio\" data-id=\"f8fc870\" data-element_type=\"widget\" data-settings=\"{&quot;item_ratio&quot;:{&quot;unit&quot;:&quot;px&quot;,&quot;size&quot;:1,&quot;sizes&quot;:[]},&quot;row_gap&quot;:{&quot;unit&quot;:&quot;px&quot;,&quot;size&quot;:17,&quot;sizes&quot;:[]},&quot;_animation&quot;:&quot;fadeIn&quot;,&quot;columns&quot;:&quot;3&quot;,&quot;columns_tablet&quot;:&quot;2&quot;,&quot;columns_mobile&quot;:&quot;1&quot;,&quot;item_gap&quot;:{&quot;unit&quot;:&quot;px&quot;,&quot;size&quot;:&quot;&quot;,&quot;sizes&quot;:[]}}\" data-widget_type=\"portfolio.default\">\n\t\t\t\t<div class=\"elementor-widget-container\">\n\t\t\t<link rel=\"stylesheet\" href=\"https:\/\/www.dematices.com\/wp-content\/plugins\/pro-elements\/assets\/css\/widget-posts.min.css\">\t\t<div class=\"elementor-portfolio elementor-grid elementor-posts-container\">\n\t\t\t\t<article class=\"elementor-portfolio-item elementor-post  post-908 page type-page status-publish has-post-thumbnail hentry\">\n\t\t\t<a class=\"elementor-post__thumbnail__link\" href=\"https:\/\/www.dematices.com\/?page_id=908\">\n\t\t\t\t<div class=\"elementor-portfolio-item__img elementor-post__thumbnail\">\n\t\t\t<img decoding=\"async\" width=\"1024\" height=\"683\" src=\"https:\/\/www.dematices.com\/wp-content\/uploads\/2023\/02\/Dematices_Sheer-screen01-1024x683.jpg\" class=\"attachment-large size-large wp-image-1117\" alt=\"\" loading=\"lazy\" srcset=\"https:\/\/www.dematices.com\/wp-content\/uploads\/2023\/02\/Dematices_Sheer-screen01-1024x683.jpg 1024w, https:\/\/www.dematices.com\/wp-content\/uploads\/2023\/02\/Dematices_Sheer-screen01-300x200.jpg 300w, https:\/\/www.dematices.com\/wp-content\/uploads\/2023\/02\/Dematices_Sheer-screen01-768x512.jpg 768w, https:\/\/www.dematices.com\/wp-content\/uploads\/2023\/02\/Dematices_Sheer-screen01-600x400.jpg 600w, https:\/\/www.dematices.com\/wp-content\/uploads\/2023\/02\/Dematices_Sheer-screen01.jpg 1500w\" sizes=\"(max-width: 1024px) 100vw, 1024px\" \/>\t\t<\/div>\n\t\t\t\t<div class=\"elementor-portfolio-item__overlay\">\n\t\t\t\t<h4 class=\"elementor-portfolio-item__title\">\n\t\tSheer elegance\t\t<\/h4>\n\t\t\t\t<\/div>\n\t\t\t\t<\/a>\n\t\t<\/article>\n\t\t\t\t<article class=\"elementor-portfolio-item elementor-post  post-1283 page type-page status-publish has-post-thumbnail hentry\">\n\t\t\t<a class=\"elementor-post__thumbnail__link\" href=\"https:\/\/www.dematices.com\/?page_id=1283\">\n\t\t\t\t<div class=\"elementor-portfolio-item__img elementor-post__thumbnail\">\n\t\t\t<img decoding=\"async\" width=\"1024\" height=\"683\" src=\"https:\/\/www.dematices.com\/wp-content\/uploads\/2023\/03\/Dematices_Persianas-verticales04-1024x683.jpg\" class=\"attachment-large size-large wp-image-1295\" alt=\"\" loading=\"lazy\" srcset=\"https:\/\/www.dematices.com\/wp-content\/uploads\/2023\/03\/Dematices_Persianas-verticales04-1024x683.jpg 1024w, https:\/\/www.dematices.com\/wp-content\/uploads\/2023\/03\/Dematices_Persianas-verticales04-300x200.jpg 300w, https:\/\/www.dematices.com\/wp-content\/uploads\/2023\/03\/Dematices_Persianas-verticales04-768x512.jpg 768w, https:\/\/www.dematices.com\/wp-content\/uploads\/2023\/03\/Dematices_Persianas-verticales04-600x400.jpg 600w, https:\/\/www.dematices.com\/wp-content\/uploads\/2023\/03\/Dematices_Persianas-verticales04.jpg 1500w\" sizes=\"(max-width: 1024px) 100vw, 1024px\" \/>\t\t<\/div>\n\t\t\t\t<div class=\"elementor-portfolio-item__overlay\">\n\t\t\t\t<h4 class=\"elementor-portfolio-item__title\">\n\t\tPersianas verticales\t\t<\/h4>\n\t\t\t\t<\/div>\n\t\t\t\t<\/a>\n\t\t<\/article>\n\t\t\t\t<article class=\"elementor-portfolio-item elementor-post  post-1274 page type-page status-publish has-post-thumbnail hentry\">\n\t\t\t<a class=\"elementor-post__thumbnail__link\" href=\"https:\/\/www.dematices.com\/?page_id=1274\">\n\t\t\t\t<div class=\"elementor-portfolio-item__img elementor-post__thumbnail\">\n\t\t\t<img decoding=\"async\" width=\"1024\" height=\"683\" src=\"https:\/\/www.dematices.com\/wp-content\/uploads\/2023\/03\/Dematices_Panel-japones02-1024x683.jpg\" class=\"attachment-large size-large wp-image-1279\" alt=\"\" loading=\"lazy\" srcset=\"https:\/\/www.dematices.com\/wp-content\/uploads\/2023\/03\/Dematices_Panel-japones02-1024x683.jpg 1024w, https:\/\/www.dematices.com\/wp-content\/uploads\/2023\/03\/Dematices_Panel-japones02-300x200.jpg 300w, https:\/\/www.dematices.com\/wp-content\/uploads\/2023\/03\/Dematices_Panel-japones02-768x512.jpg 768w, https:\/\/www.dematices.com\/wp-content\/uploads\/2023\/03\/Dematices_Panel-japones02-600x400.jpg 600w, https:\/\/www.dematices.com\/wp-content\/uploads\/2023\/03\/Dematices_Panel-japones02.jpg 1500w\" sizes=\"(max-width: 1024px) 100vw, 1024px\" \/>\t\t<\/div>\n\t\t\t\t<div class=\"elementor-portfolio-item__overlay\">\n\t\t\t\t<h4 class=\"elementor-portfolio-item__title\">\n\t\tPanel japon\u00e9s\t\t<\/h4>\n\t\t\t\t<\/div>\n\t\t\t\t<\/a>\n\t\t<\/article>\n\t\t\t\t<article class=\"elementor-portfolio-item elementor-post  post-1233 page type-page status-publish has-post-thumbnail hentry\">\n\t\t\t<a class=\"elementor-post__thumbnail__link\" href=\"https:\/\/www.dematices.com\/?page_id=1233\">\n\t\t\t\t<div class=\"elementor-portfolio-item__img elementor-post__thumbnail\">\n\t\t\t<img decoding=\"async\" width=\"1024\" height=\"683\" src=\"https:\/\/www.dematices.com\/wp-content\/uploads\/2023\/03\/Dematices_Enrollable-screen01-1024x683.jpg\" class=\"attachment-large size-large wp-image-1240\" alt=\"\" loading=\"lazy\" srcset=\"https:\/\/www.dematices.com\/wp-content\/uploads\/2023\/03\/Dematices_Enrollable-screen01-1024x683.jpg 1024w, https:\/\/www.dematices.com\/wp-content\/uploads\/2023\/03\/Dematices_Enrollable-screen01-300x200.jpg 300w, https:\/\/www.dematices.com\/wp-content\/uploads\/2023\/03\/Dematices_Enrollable-screen01-768x512.jpg 768w, https:\/\/www.dematices.com\/wp-content\/uploads\/2023\/03\/Dematices_Enrollable-screen01-600x400.jpg 600w, https:\/\/www.dematices.com\/wp-content\/uploads\/2023\/03\/Dematices_Enrollable-screen01.jpg 1500w\" sizes=\"(max-width: 1024px) 100vw, 1024px\" \/>\t\t<\/div>\n\t\t\t\t<div class=\"elementor-portfolio-item__overlay\">\n\t\t\t\t<h4 class=\"elementor-portfolio-item__title\">\n\t\tEnrollable\t\t<\/h4>\n\t\t\t\t<\/div>\n\t\t\t\t<\/a>\n\t\t<\/article>\n\t\t\t\t<article class=\"elementor-portfolio-item elementor-post  post-1089 page type-page status-publish has-post-thumbnail hentry\">\n\t\t\t<a class=\"elementor-post__thumbnail__link\" href=\"https:\/\/www.dematices.com\/?page_id=1089\">\n\t\t\t\t<div class=\"elementor-portfolio-item__img elementor-post__thumbnail\">\n\t\t\t<img decoding=\"async\" width=\"1024\" height=\"683\" src=\"https:\/\/www.dematices.com\/wp-content\/uploads\/2023\/03\/Dematices_Blackout06-1024x683.jpg\" class=\"attachment-large size-large wp-image-1249\" alt=\"\" loading=\"lazy\" srcset=\"https:\/\/www.dematices.com\/wp-content\/uploads\/2023\/03\/Dematices_Blackout06-1024x683.jpg 1024w, https:\/\/www.dematices.com\/wp-content\/uploads\/2023\/03\/Dematices_Blackout06-300x200.jpg 300w, https:\/\/www.dematices.com\/wp-content\/uploads\/2023\/03\/Dematices_Blackout06-768x512.jpg 768w, https:\/\/www.dematices.com\/wp-content\/uploads\/2023\/03\/Dematices_Blackout06-600x400.jpg 600w, https:\/\/www.dematices.com\/wp-content\/uploads\/2023\/03\/Dematices_Blackout06.jpg 1500w\" sizes=\"(max-width: 1024px) 100vw, 1024px\" \/>\t\t<\/div>\n\t\t\t\t<div class=\"elementor-portfolio-item__overlay\">\n\t\t\t\t<h4 class=\"elementor-portfolio-item__title\">\n\t\tBlackout\t\t<\/h4>\n\t\t\t\t<\/div>\n\t\t\t\t<\/a>\n\t\t<\/article>\n\t\t\t\t<\/div>\n\t\t\t\t<\/div>\n\t\t\t\t<\/div>\n\t\t\t\t\t<\/div>\n\t\t<\/div>\n\t\t\t\t\t\t\t<\/div>\n\t\t<\/section>\n\t\t\t\t<section class=\"elementor-section elementor-top-section elementor-element elementor-element-fcf1a2c elementor-section-full_width elementor-section-height-default elementor-section-height-default\" data-id=\"fcf1a2c\" data-element_type=\"section\" data-settings=\"{&quot;background_background&quot;:&quot;classic&quot;}\">\n\t\t\t\t\t\t<div class=\"elementor-container elementor-column-gap-no\">\n\t\t\t\t\t<div class=\"elementor-column elementor-col-100 elementor-top-column elementor-element elementor-element-899e664\" data-id=\"899e664\" data-element_type=\"column\" data-settings=\"{&quot;background_background&quot;:&quot;classic&quot;}\">\n\t\t\t<div class=\"elementor-widget-wrap elementor-element-populated\">\n\t\t\t\t\t\t\t\t<div class=\"elementor-element elementor-element-5dfde85 elementor-view-default elementor-mobile-position-top elementor-vertical-align-top elementor-widget elementor-widget-icon-box\" data-id=\"5dfde85\" data-element_type=\"widget\" data-widget_type=\"icon-box.default\">\n\t\t\t\t<div class=\"elementor-widget-container\">\n\t\t\t<link rel=\"stylesheet\" href=\"https:\/\/www.dematices.com\/wp-content\/plugins\/elementor\/assets\/css\/widget-icon-box.min.css\">\t\t<div class=\"elementor-icon-box-wrapper\">\n\t\t\t\t\t\t<div class=\"elementor-icon-box-icon\">\n\t\t\t\t<a class=\"elementor-icon elementor-animation-\" href=\"https:\/\/www.instagram.com\/dematices2020\/\">\n\t\t\t\t<i aria-hidden=\"true\" class=\"fab fa-instagram\"><\/i>\t\t\t\t<\/a>\n\t\t\t<\/div>\n\t\t\t\t\t\t<div class=\"elementor-icon-box-content\">\n\t\t\t\t<h3 class=\"elementor-icon-box-title\">\n\t\t\t\t\t<a href=\"https:\/\/www.instagram.com\/dematices2020\/\" >\n\t\t\t\t\t\tS\u00edguenos en @dematices2020\t\t\t\t\t<\/a>\n\t\t\t\t<\/h3>\n\t\t\t\t\t\t\t\t\t<p class=\"elementor-icon-box-description\">\n\t\t\t\t\t\tMira nuestro \u00faltimo post y permanece al tanto de los contenidos que tenemos para ti\t\t\t\t\t<\/p>\n\t\t\t\t\t\t\t<\/div>\n\t\t<\/div>\n\t\t\t\t<\/div>\n\t\t\t\t<\/div>\n\t\t\t\t<div class=\"elementor-element elementor-element-7481b94 elementor-mobile-align-center elementor-align-center elementor-widget elementor-widget-button\" data-id=\"7481b94\" data-element_type=\"widget\" data-widget_type=\"button.default\">\n\t\t\t\t<div class=\"elementor-widget-container\">\n\t\t\t\t\t<div class=\"elementor-button-wrapper\">\n\t\t\t<a href=\"https:\/\/www.instagram.com\/dematices2020\/\" class=\"elementor-button-link elementor-button elementor-size-sm elementor-animation-grow\" role=\"button\">\n\t\t\t\t\t\t<span class=\"elementor-button-content-wrapper\">\n\t\t\t\t\t\t\t<span class=\"elementor-button-icon elementor-align-icon-left\">\n\t\t\t\t<i aria-hidden=\"true\" class=\"fab fa-instagram\"><\/i>\t\t\t<\/span>\n\t\t\t\t\t\t<span class=\"elementor-button-text\">Ver cuenta<\/span>\n\t\t<\/span>\n\t\t\t\t\t<\/a>\n\t\t<\/div>\n\t\t\t\t<\/div>\n\t\t\t\t<\/div>\n\t\t\t\t\t<\/div>\n\t\t<\/div>\n\t\t\t\t\t\t\t<\/div>\n\t\t<\/section>\n\t\t\t\t\t\t\t<\/div>\n\t\t","protected":false},"excerpt":{"rendered":"<p>Productos Encuentra a detalle cada uno de los art\u00edculos que ofrecemos S\u00edguenos en @dematices2020 Mira nuestro \u00faltimo post y permanece al tanto de los contenidos que tenemos para ti Ver cuenta<\/p>\n","protected":false},"author":1,"featured_media":0,"parent":0,"menu_order":0,"comment_status":"closed","ping_status":"closed","template":"","meta":{"_uag_custom_page_level_css":"","site-sidebar-layout":"no-sidebar","site-content-layout":"page-builder","ast-global-header-display":"","ast-main-header-display":"","ast-hfb-above-header-display":"","ast-hfb-below-header-display":"","ast-hfb-mobile-header-display":"","site-post-title":"disabled","ast-breadcrumbs-content":"disabled","ast-featured-img":"disabled","footer-sml-layout":"","theme-transparent-header-meta":"disabled","adv-header-id-meta":"","stick-header-meta":"","header-above-stick-meta":"","header-main-stick-meta":"","header-below-stick-meta":"","_joinchat":[]},"uagb_featured_image_src":{"full":false,"thumbnail":false,"medium":false,"medium_large":false,"large":false,"1536x1536":false,"2048x2048":false,"woocommerce_thumbnail":false,"woocommerce_single":false,"woocommerce_gallery_thumbnail":false},"uagb_author_info":{"display_name":"samantha","author_link":"https:\/\/www.dematices.com\/?author=1"},"uagb_comment_info":0,"uagb_excerpt":"Productos Encuentra a detalle cada uno de los art\u00edculos que ofrecemos S\u00edguenos en @dematices2020 Mira nuestro \u00faltimo post y permanece al tanto de los contenidos que tenemos para ti Ver cuenta","_links":{"self":[{"href":"https:\/\/www.dematices.com\/index.php?rest_route=\/wp\/v2\/pages\/591"}],"collection":[{"href":"https:\/\/www.dematices.com\/index.php?rest_route=\/wp\/v2\/pages"}],"about":[{"href":"https:\/\/www.dematices.com\/index.php?rest_route=\/wp\/v2\/types\/page"}],"author":[{"embeddable":true,"href":"https:\/\/www.dematices.com\/index.php?rest_route=\/wp\/v2\/users\/1"}],"replies":[{"embeddable":true,"href":"https:\/\/www.dematices.com\/index.php?rest_route=%2Fwp%2Fv2%2Fcomments&post=591"}],"version-history":[{"count":38,"href":"https:\/\/www.dematices.com\/index.php?rest_route=\/wp\/v2\/pages\/591\/revisions"}],"predecessor-version":[{"id":1493,"href":"https:\/\/www.dematices.com\/index.php?rest_route=\/wp\/v2\/pages\/591\/revisions\/1493"}],"wp:attachment":[{"href":"https:\/\/www.dematices.com\/index.php?rest_route=%2Fwp%2Fv2%2Fmedia&parent=591"}],"curies":[{"name":"wp","href":"https:\/\/api.w.org\/{rel}","templated":true}]}}